{"id":5631,"date":"2020-02-27T17:08:08","date_gmt":"2020-02-27T22:08:08","guid":{"rendered":"https:\/\/www.globalvetslab.com\/contact\/"},"modified":"2023-03-30T06:17:33","modified_gmt":"2023-03-30T04:17:33","slug":"contact","status":"publish","type":"page","link":"https:\/\/www.deltalabs.online\/en\/contact\/","title":{"rendered":"Contact Us"},"content":{"rendered":"<div class=\"gb-container gb-container-007216f9\"><div class=\"gb-inside-container\">\n<div class=\"gb-grid-wrapper gb-grid-wrapper-05596406\">\n<div class=\"gb-grid-column gb-grid-column-4c419bde\"><div class=\"gb-container gb-container-4c419bde\"><div class=\"gb-inside-container\">\n\n<h2 class=\"gb-headline gb-headline-37aee6ee gb-headline-text\">Contact Form<\/h2>\n\n\n\n<div class=\"wpcf7 no-js\" id=\"wpcf7-f5641-o1\" lang=\"en-US\" dir=\"ltr\">\n<div class=\"screen-reader-response\"><p role=\"status\" aria-live=\"polite\" aria-atomic=\"true\"><\/p> <ul><\/ul><\/div>\n<form action=\"\/en\/wp-json\/wp\/v2\/pages\/5631#wpcf7-f5641-o1\" method=\"post\" class=\"wpcf7-form init\" aria-label=\"Contact form\" novalidate=\"novalidate\" data-status=\"init\">\n<div style=\"display: none;\">\n<input type=\"hidden\" name=\"_wpcf7\" value=\"5641\" \/>\n<input type=\"hidden\" name=\"_wpcf7_version\" value=\"5.8\" \/>\n<input type=\"hidden\" name=\"_wpcf7_locale\" value=\"en_US\" \/>\n<input type=\"hidden\" name=\"_wpcf7_unit_tag\" value=\"wpcf7-f5641-o1\" \/>\n<input type=\"hidden\" name=\"_wpcf7_container_post\" value=\"0\" \/>\n<input type=\"hidden\" name=\"_wpcf7_posted_data_hash\" value=\"\" \/>\n<input type=\"hidden\" name=\"_wpcf7_recaptcha_response\" value=\"\" \/>\n<\/div>\n<p><label> Name*<br \/>\n<span class=\"wpcf7-form-control-wrap\" data-name=\"your-name\"><input size=\"40\" class=\"wpcf7-form-control wpcf7-text wpcf7-validates-as-required\" aria-required=\"true\" aria-invalid=\"false\" value=\"\" type=\"text\" name=\"your-name\" \/><\/span> <\/label>\n<\/p>\n<p><label> E-mail*<br \/>\n<span class=\"wpcf7-form-control-wrap\" data-name=\"your-email\"><input size=\"40\" class=\"wpcf7-form-control wpcf7-email wpcf7-validates-as-required wpcf7-text wpcf7-validates-as-email\" aria-required=\"true\" aria-invalid=\"false\" value=\"\" type=\"email\" name=\"your-email\" \/><\/span> <\/label>\n<\/p>\n<p><label> Telephone<br \/>\n<span class=\"wpcf7-form-control-wrap\" data-name=\"your-subject\"><input size=\"40\" class=\"wpcf7-form-control wpcf7-text\" aria-invalid=\"false\" value=\"\" type=\"text\" name=\"your-subject\" \/><\/span> <\/label>\n<\/p>\n<p><label> Message<br \/>\n<span class=\"wpcf7-form-control-wrap\" data-name=\"your-message\"><textarea cols=\"40\" rows=\"10\" class=\"wpcf7-form-control wpcf7-textarea\" aria-invalid=\"false\" name=\"your-message\"><\/textarea><\/span> <\/label>\n<\/p>\n<p><span class=\"wpcf7-form-control-wrap\" data-name=\"acceptance-191\"><span class=\"wpcf7-form-control wpcf7-acceptance\"><span class=\"wpcf7-list-item\"><label><input type=\"checkbox\" name=\"acceptance-191\" value=\"1\" aria-invalid=\"false\" \/><span class=\"wpcf7-list-item-label\">I accept the <a href=\"\/wp-content\/uploads\/2021\/01\/03-Basic-information-PD-Form-1-Contact-ENG-GLOBAL-VETS-LAB-Ver.-1.pdf\" rel=\"nofollow\">Consent Clause<\/a><\/span><\/label><\/span><\/span><\/span>\n<\/p>\n<p><input class=\"wpcf7-form-control wpcf7-submit has-spinner\" type=\"submit\" value=\"Send\" \/>\n<\/p><div class=\"wpcf7-response-output\" aria-hidden=\"true\"><\/div>\n<\/form>\n<\/div>\n\n\n<\/div><\/div><\/div>\n\n<div class=\"gb-grid-column gb-grid-column-bf8b4f55\"><div class=\"gb-container gb-container-bf8b4f55\"><div class=\"gb-inside-container\">\n\n<h2 class=\"gb-headline gb-headline-e377a8b1 gb-headline-text\">You can find us in &#8230;<br><\/h2>\n\n\n\n<p class=\"gb-headline gb-headline-8de9b742\"><span class=\"gb-icon\"><svg aria-hidden=\"true\" height=\"1em\" width=\"1em\" viewBox=\"0 0 384 512\" xmlns=\"http:\/\/www.w3.org\/2000\/svg\"><path fill=\"currentColor\" d=\"M172.268 501.67C26.97 291.031 0 269.413 0 192 0 85.961 85.961 0 192 0s192 85.961 192 192c0 77.413-26.97 99.031-172.268 309.67-9.535 13.774-29.93 13.773-39.464 0zM192 272c44.183 0 80-35.817 80-80s-35.817-80-80-80-80 35.817-80 80 35.817 80 80 80z\"><\/path><\/svg><\/span><span class=\"gb-headline-text\">C\/Luxemburg, 25,<br>Pol\u00edgono Industrial Constant\u00ed, 43120<br>Constant\u00ed, Tarragona, Espa\u00f1a<\/span><\/p>\n\n\n\n<p class=\"gb-headline gb-headline-e76c1e7f\"><span class=\"gb-icon\"><svg aria-hidden=\"true\" height=\"1em\" width=\"1em\" viewBox=\"0 0 512 512\" xmlns=\"http:\/\/www.w3.org\/2000\/svg\"><path fill=\"currentColor\" d=\"M464 64H48C21.49 64 0 85.49 0 112v288c0 26.51 21.49 48 48 48h416c26.51 0 48-21.49 48-48V112c0-26.51-21.49-48-48-48zm0 48v40.805c-22.422 18.259-58.168 46.651-134.587 106.49-16.841 13.247-50.201 45.072-73.413 44.701-23.208.375-56.579-31.459-73.413-44.701C106.18 199.465 70.425 171.067 48 152.805V112h416zM48 400V214.398c22.914 18.251 55.409 43.862 104.938 82.646 21.857 17.205 60.134 55.186 103.062 54.955 42.717.231 80.509-37.199 103.053-54.947 49.528-38.783 82.032-64.401 104.947-82.653V400H48z\"><\/path><\/svg><\/span><span class=\"gb-headline-text\"><a href=\"mailto:info@globalvetslab.com\" target=\"_blank\" rel=\"noreferrer noopener\">info@deltalabs.online<\/a><\/span><\/p>\n\n<\/div><\/div><\/div>\n<\/div>\n<\/div><\/div>\n\n\n<p><\/p>\n","protected":false},"excerpt":{"rendered":"","protected":false},"author":1,"featured_media":0,"parent":0,"menu_order":0,"comment_status":"closed","ping_status":"closed","template":"","meta":{"footnotes":""},"yoast_head":"<!-- This site is optimized with the Yoast SEO plugin v21.1 - https:\/\/yoast.com\/wordpress\/plugins\/seo\/ -->\n<title>Contact Us | Delta Labs<\/title>\n<meta name=\"robots\" content=\"index, follow, max-snippet:-1, max-image-preview:large, max-video-preview:-1\" \/>\n<link rel=\"canonical\" href=\"https:\/\/www.deltalabs.online\/en\/contact\/\" \/>\n<meta property=\"og:locale\" content=\"en_US\" \/>\n<meta property=\"og:type\" content=\"article\" \/>\n<meta property=\"og:title\" content=\"Contact Us | Delta Labs\" \/>\n<meta property=\"og:url\" content=\"https:\/\/www.deltalabs.online\/en\/contact\/\" \/>\n<meta property=\"og:site_name\" content=\"Delta Labs\" \/>\n<meta property=\"article:modified_time\" content=\"2023-03-30T04:17:33+00:00\" \/>\n<meta name=\"twitter:card\" content=\"summary_large_image\" \/>\n<meta name=\"twitter:label1\" content=\"Est. reading time\" \/>\n\t<meta name=\"twitter:data1\" content=\"1 minute\" \/>\n<script type=\"application\/ld+json\" class=\"yoast-schema-graph\">{\"@context\":\"https:\/\/schema.org\",\"@graph\":[{\"@type\":\"WebPage\",\"@id\":\"https:\/\/www.deltalabs.online\/en\/contact\/\",\"url\":\"https:\/\/www.deltalabs.online\/en\/contact\/\",\"name\":\"Contact Us | Delta Labs\",\"isPartOf\":{\"@id\":\"https:\/\/www.deltalabs.online\/#website\"},\"datePublished\":\"2020-02-27T22:08:08+00:00\",\"dateModified\":\"2023-03-30T04:17:33+00:00\",\"breadcrumb\":{\"@id\":\"https:\/\/www.deltalabs.online\/en\/contact\/#breadcrumb\"},\"inLanguage\":\"en-US\",\"potentialAction\":[{\"@type\":\"ReadAction\",\"target\":[\"https:\/\/www.deltalabs.online\/en\/contact\/\"]}]},{\"@type\":\"BreadcrumbList\",\"@id\":\"https:\/\/www.deltalabs.online\/en\/contact\/#breadcrumb\",\"itemListElement\":[{\"@type\":\"ListItem\",\"position\":1,\"name\":\"Portada\",\"item\":\"https:\/\/www.deltalabs.online\/en\/\"},{\"@type\":\"ListItem\",\"position\":2,\"name\":\"Contact Us\"}]},{\"@type\":\"WebSite\",\"@id\":\"https:\/\/www.deltalabs.online\/#website\",\"url\":\"https:\/\/www.deltalabs.online\/\",\"name\":\"Delta Labs\",\"description\":\"\",\"publisher\":{\"@id\":\"https:\/\/www.deltalabs.online\/#organization\"},\"potentialAction\":[{\"@type\":\"SearchAction\",\"target\":{\"@type\":\"EntryPoint\",\"urlTemplate\":\"https:\/\/www.deltalabs.online\/?s={search_term_string}\"},\"query-input\":\"required name=search_term_string\"}],\"inLanguage\":\"en-US\"},{\"@type\":\"Organization\",\"@id\":\"https:\/\/www.deltalabs.online\/#organization\",\"name\":\"Global Vets Lab\",\"url\":\"https:\/\/www.deltalabs.online\/\",\"logo\":{\"@type\":\"ImageObject\",\"inLanguage\":\"en-US\",\"@id\":\"https:\/\/www.deltalabs.online\/#\/schema\/logo\/image\/\",\"url\":\"https:\/\/www.globalvetslab.com\/wp-content\/uploads\/2020\/11\/cropped-Logo-Global-Vets-Lab-1.png\",\"contentUrl\":\"https:\/\/www.globalvetslab.com\/wp-content\/uploads\/2020\/11\/cropped-Logo-Global-Vets-Lab-1.png\",\"width\":512,\"height\":512,\"caption\":\"Global Vets Lab\"},\"image\":{\"@id\":\"https:\/\/www.deltalabs.online\/#\/schema\/logo\/image\/\"}}]}<\/script>\n<!-- \/ Yoast SEO plugin. -->","yoast_head_json":{"title":"Contact Us | Delta Labs","robots":{"index":"index","follow":"follow","max-snippet":"max-snippet:-1","max-image-preview":"max-image-preview:large","max-video-preview":"max-video-preview:-1"},"canonical":"https:\/\/www.deltalabs.online\/en\/contact\/","og_locale":"en_US","og_type":"article","og_title":"Contact Us | Delta Labs","og_url":"https:\/\/www.deltalabs.online\/en\/contact\/","og_site_name":"Delta Labs","article_modified_time":"2023-03-30T04:17:33+00:00","twitter_card":"summary_large_image","twitter_misc":{"Est. reading time":"1 minute"},"schema":{"@context":"https:\/\/schema.org","@graph":[{"@type":"WebPage","@id":"https:\/\/www.deltalabs.online\/en\/contact\/","url":"https:\/\/www.deltalabs.online\/en\/contact\/","name":"Contact Us | Delta Labs","isPartOf":{"@id":"https:\/\/www.deltalabs.online\/#website"},"datePublished":"2020-02-27T22:08:08+00:00","dateModified":"2023-03-30T04:17:33+00:00","breadcrumb":{"@id":"https:\/\/www.deltalabs.online\/en\/contact\/#breadcrumb"},"inLanguage":"en-US","potentialAction":[{"@type":"ReadAction","target":["https:\/\/www.deltalabs.online\/en\/contact\/"]}]},{"@type":"BreadcrumbList","@id":"https:\/\/www.deltalabs.online\/en\/contact\/#breadcrumb","itemListElement":[{"@type":"ListItem","position":1,"name":"Portada","item":"https:\/\/www.deltalabs.online\/en\/"},{"@type":"ListItem","position":2,"name":"Contact Us"}]},{"@type":"WebSite","@id":"https:\/\/www.deltalabs.online\/#website","url":"https:\/\/www.deltalabs.online\/","name":"Delta Labs","description":"","publisher":{"@id":"https:\/\/www.deltalabs.online\/#organization"},"potentialAction":[{"@type":"SearchAction","target":{"@type":"EntryPoint","urlTemplate":"https:\/\/www.deltalabs.online\/?s={search_term_string}"},"query-input":"required name=search_term_string"}],"inLanguage":"en-US"},{"@type":"Organization","@id":"https:\/\/www.deltalabs.online\/#organization","name":"Global Vets Lab","url":"https:\/\/www.deltalabs.online\/","logo":{"@type":"ImageObject","inLanguage":"en-US","@id":"https:\/\/www.deltalabs.online\/#\/schema\/logo\/image\/","url":"https:\/\/www.globalvetslab.com\/wp-content\/uploads\/2020\/11\/cropped-Logo-Global-Vets-Lab-1.png","contentUrl":"https:\/\/www.globalvetslab.com\/wp-content\/uploads\/2020\/11\/cropped-Logo-Global-Vets-Lab-1.png","width":512,"height":512,"caption":"Global Vets Lab"},"image":{"@id":"https:\/\/www.deltalabs.online\/#\/schema\/logo\/image\/"}}]}},"_links":{"self":[{"href":"https:\/\/www.deltalabs.online\/en\/wp-json\/wp\/v2\/pages\/5631"}],"collection":[{"href":"https:\/\/www.deltalabs.online\/en\/wp-json\/wp\/v2\/pages"}],"about":[{"href":"https:\/\/www.deltalabs.online\/en\/wp-json\/wp\/v2\/types\/page"}],"author":[{"embeddable":true,"href":"https:\/\/www.deltalabs.online\/en\/wp-json\/wp\/v2\/users\/1"}],"replies":[{"embeddable":true,"href":"https:\/\/www.deltalabs.online\/en\/wp-json\/wp\/v2\/comments?post=5631"}],"version-history":[{"count":3,"href":"https:\/\/www.deltalabs.online\/en\/wp-json\/wp\/v2\/pages\/5631\/revisions"}],"predecessor-version":[{"id":6638,"href":"https:\/\/www.deltalabs.online\/en\/wp-json\/wp\/v2\/pages\/5631\/revisions\/6638"}],"wp:attachment":[{"href":"https:\/\/www.deltalabs.online\/en\/wp-json\/wp\/v2\/media?parent=5631"}],"curies":[{"name":"wp","href":"https:\/\/api.w.org\/{rel}","templated":true}]}}